{"id":1111,"date":"2023-10-19T23:31:51","date_gmt":"2023-10-19T23:31:51","guid":{"rendered":"https:\/\/philequus.com\/?page_id=1111"},"modified":"2024-09-16T09:25:08","modified_gmt":"2024-09-16T09:25:08","slug":"portrait","status":"publish","type":"page","link":"https:\/\/philequus.com\/?page_id=1111","title":{"rendered":"Portrait"},"content":{"rendered":"\t\t<div data-elementor-type=\"wp-page\" data-elementor-id=\"1111\" class=\"elementor elementor-1111\" data-elementor-post-type=\"page\">\n\t\t\t\t<div class=\"elementor-element elementor-element-9f834e6 e-flex e-con-boxed e-con e-parent\" data-id=\"9f834e6\" data-element_type=\"container\" data-settings=\"{&quot;background_background&quot;:&quot;classic&quot;}\">\n\t\t\t\t\t<div class=\"e-con-inner\">\n\t\t<div class=\"elementor-element elementor-element-0e92533 e-flex e-con-boxed elementor-invisible e-con e-child\" data-id=\"0e92533\" data-element_type=\"container\" data-settings=\"{&quot;animation&quot;:&quot;fadeIn&quot;,&quot;animation_delay&quot;:600}\">\n\t\t\t\t\t<div class=\"e-con-inner\">\n\t\t\t\t<div class=\"elementor-element elementor-element-8b5d9fe elementor-widget elementor-widget-heading\" data-id=\"8b5d9fe\" data-element_type=\"widget\" data-widget_type=\"heading.default\">\n\t\t\t\t<div class=\"elementor-widget-container\">\n\t\t\t<h1 class=\"elementor-heading-title elementor-size-default\">Qui suis-je ?<\/h1>\t\t<\/div>\n\t\t\t\t<\/div>\n\t\t\t\t<div class=\"elementor-element elementor-element-884bc61 elementor-widget elementor-widget-text-editor\" data-id=\"884bc61\" data-element_type=\"widget\" data-widget_type=\"text-editor.default\">\n\t\t\t\t<div class=\"elementor-widget-container\">\n\t\t\t\t\t\t\t<p>Je suis Philippe LAFARGUE et j\u2019ai 58 ans . De tout temps port\u00e9 par la relation humaine, tr\u00e8s proche de la nature et des animaux, j\u2019ai d\u00e9cid\u00e9, apr\u00e8s 34 ann\u00e9es pass\u00e9es dans le monde de l\u2019industrie, de me consacrer enti\u00e8rement \u00e0 l\u2019accompagnement des personnes. Sophrologue depuis 2021 apr\u00e8s 2 ans de formation \u00e0 l\u2019ISSO et Equicoach labellis\u00e9 IHWT form\u00e9 chez Alter Horse, je suis membre du Syndicat Interprofessionnel des Praticiens de la M\u00e9diation Equine<br>(SIPME).<br><br>Aujourd\u2019hui je vous accompagne en compagnie des chevaux pour vous aider \u00e0 mieux vous connaitre et trouver en vous les ressources n\u00e9cessaires pour avancer plus sereinement sur les chemins de la vie.<\/p>\t\t\t\t\t\t<\/div>\n\t\t\t\t<\/div>\n\t\t\t\t<div class=\"elementor-element elementor-element-bb007b7 elementor-widget elementor-widget-global elementor-global-116 elementor-widget-button\" data-id=\"bb007b7\" data-element_type=\"widget\" data-widget_type=\"button.default\">\n\t\t\t\t<div class=\"elementor-widget-container\">\n\t\t\t\t\t<div class=\"elementor-button-wrapper\">\n\t\t\t<a class=\"elementor-button elementor-button-link elementor-size-sm\" href=\"https:\/\/philequus.com#contact\">\n\t\t\t\t\t\t<span class=\"elementor-button-content-wrapper\">\n\t\t\t\t\t\t<span class=\"elementor-button-icon\">\n\t\t\t\t<i aria-hidden=\"true\" class=\"fas fa-envelope\"><\/i>\t\t\t<\/span>\n\t\t\t\t\t\t\t\t\t<span class=\"elementor-button-text\">Nous contacter<\/span>\n\t\t\t\t\t<\/span>\n\t\t\t\t\t<\/a>\n\t\t<\/div>\n\t\t\t\t<\/div>\n\t\t\t\t<\/div>\n\t\t\t\t\t<\/div>\n\t\t\t\t<\/div>\n\t\t<div class=\"elementor-element elementor-element-e58157a e-flex e-con-boxed elementor-invisible e-con e-child\" data-id=\"e58157a\" data-element_type=\"container\" data-settings=\"{&quot;animation&quot;:&quot;fadeIn&quot;,&quot;animation_delay&quot;:200}\">\n\t\t\t\t\t<div class=\"e-con-inner\">\n\t\t\t\t<div class=\"elementor-element elementor-element-71fbf61 elementor-widget-tablet__width-inherit elementor-widget-mobile__width-inherit elementor-widget__width-inherit elementor-widget elementor-widget-image\" data-id=\"71fbf61\" data-element_type=\"widget\" data-widget_type=\"image.default\">\n\t\t\t\t<div class=\"elementor-widget-container\">\n\t\t\t\t\t\t\t\t\t\t\t\t\t<img fetchpriority=\"high\" decoding=\"async\" width=\"768\" height=\"1024\" src=\"https:\/\/philequus.com\/wp-content\/uploads\/2024\/05\/PHOTO_LCAB_1-768x1024.jpg\" class=\"attachment-large size-large wp-image-1290\" alt=\"\" srcset=\"https:\/\/philequus.com\/wp-content\/uploads\/2024\/05\/PHOTO_LCAB_1-768x1024.jpg 768w, https:\/\/philequus.com\/wp-content\/uploads\/2024\/05\/PHOTO_LCAB_1-225x300.jpg 225w, https:\/\/philequus.com\/wp-content\/uploads\/2024\/05\/PHOTO_LCAB_1-1152x1536.jpg 1152w, https:\/\/philequus.com\/wp-content\/uploads\/2024\/05\/PHOTO_LCAB_1-1536x2048.jpg 1536w, https:\/\/philequus.com\/wp-content\/uploads\/2024\/05\/PHOTO_LCAB_1.jpg 1570w\" sizes=\"(max-width: 768px) 100vw, 768px\" \/>\t\t\t\t\t\t\t\t\t\t\t\t\t<\/div>\n\t\t\t\t<\/div>\n\t\t\t\t\t<\/div>\n\t\t\t\t<\/div>\n\t\t\t\t\t<\/div>\n\t\t\t\t<\/div>\n\t\t<div class=\"elementor-element elementor-element-c5cbb05 e-flex e-con-boxed e-con e-parent\" data-id=\"c5cbb05\" data-element_type=\"container\" data-settings=\"{&quot;background_background&quot;:&quot;classic&quot;}\">\n\t\t\t\t\t<div class=\"e-con-inner\">\n\t\t<div class=\"elementor-element elementor-element-3f9f75c e-flex e-con-boxed elementor-invisible e-con e-child\" data-id=\"3f9f75c\" data-element_type=\"container\" data-settings=\"{&quot;animation&quot;:&quot;fadeIn&quot;,&quot;animation_delay&quot;:200}\">\n\t\t\t\t\t<div class=\"e-con-inner\">\n\t\t\t\t<div class=\"elementor-element elementor-element-da01a24 elementor-widget elementor-widget-heading\" data-id=\"da01a24\" data-element_type=\"widget\" data-widget_type=\"heading.default\">\n\t\t\t\t<div class=\"elementor-widget-container\">\n\t\t\t<h2 class=\"elementor-heading-title elementor-size-default\">Quelques-uns de nos avantages<\/h2>\t\t<\/div>\n\t\t\t\t<\/div>\n\t\t\t\t<div class=\"elementor-element elementor-element-34bc49a elementor-widget elementor-widget-text-editor\" data-id=\"34bc49a\" data-element_type=\"widget\" data-widget_type=\"text-editor.default\">\n\t\t\t\t<div class=\"elementor-widget-container\">\n\t\t\t\t\t\t\t<p>Qualit\u00e9, proximit\u00e9 et engagement au service de nos clients.<\/p>\t\t\t\t\t\t<\/div>\n\t\t\t\t<\/div>\n\t\t\t\t\t<\/div>\n\t\t\t\t<\/div>\n\t\t<div class=\"elementor-element elementor-element-18554fe e-flex e-con-boxed elementor-invisible e-con e-child\" data-id=\"18554fe\" data-element_type=\"container\" data-settings=\"{&quot;animation&quot;:&quot;fadeIn&quot;,&quot;animation_delay&quot;:400}\">\n\t\t\t\t\t<div class=\"e-con-inner\">\n\t\t<div class=\"elementor-element elementor-element-a886890 e-flex e-con-boxed e-con e-child\" data-id=\"a886890\" data-element_type=\"container\" data-settings=\"{&quot;background_background&quot;:&quot;classic&quot;}\">\n\t\t\t\t\t<div class=\"e-con-inner\">\n\t\t\t\t<div class=\"elementor-element elementor-element-d24f0e0 elementor-widget elementor-widget-image\" data-id=\"d24f0e0\" data-element_type=\"widget\" data-widget_type=\"image.default\">\n\t\t\t\t<div class=\"elementor-widget-container\">\n\t\t\t\t\t\t\t\t\t\t\t\t\t<img decoding=\"async\" width=\"454\" height=\"281\" src=\"https:\/\/philequus.com\/wp-content\/uploads\/2024\/05\/Badge-adherent-2024.png\" class=\"attachment-large size-large wp-image-1304\" alt=\"\" srcset=\"https:\/\/philequus.com\/wp-content\/uploads\/2024\/05\/Badge-adherent-2024.png 454w, https:\/\/philequus.com\/wp-content\/uploads\/2024\/05\/Badge-adherent-2024-300x186.png 300w\" sizes=\"(max-width: 454px) 100vw, 454px\" \/>\t\t\t\t\t\t\t\t\t\t\t\t\t<\/div>\n\t\t\t\t<\/div>\n\t\t\t\t<div class=\"elementor-element elementor-element-ca00594 elementor-align-center elementor-widget elementor-widget-button\" data-id=\"ca00594\" data-element_type=\"widget\" data-widget_type=\"button.default\">\n\t\t\t\t<div class=\"elementor-widget-container\">\n\t\t\t\t\t<div class=\"elementor-button-wrapper\">\n\t\t\t<a class=\"elementor-button elementor-button-link elementor-size-sm\" href=\"https:\/\/www.sipmediationequine.fr\/\" target=\"_blank\">\n\t\t\t\t\t\t<span class=\"elementor-button-content-wrapper\">\n\t\t\t\t\t\t\t\t\t<span class=\"elementor-button-text\">En savoir plus<\/span>\n\t\t\t\t\t<\/span>\n\t\t\t\t\t<\/a>\n\t\t<\/div>\n\t\t\t\t<\/div>\n\t\t\t\t<\/div>\n\t\t\t\t\t<\/div>\n\t\t\t\t<\/div>\n\t\t<div class=\"elementor-element elementor-element-ca2bc45 e-flex e-con-boxed e-con e-child\" data-id=\"ca2bc45\" data-element_type=\"container\" data-settings=\"{&quot;background_background&quot;:&quot;classic&quot;}\">\n\t\t\t\t\t<div class=\"e-con-inner\">\n\t\t\t\t<div class=\"elementor-element elementor-element-fab0a40 elementor-widget elementor-widget-image\" data-id=\"fab0a40\" data-element_type=\"widget\" data-widget_type=\"image.default\">\n\t\t\t\t<div class=\"elementor-widget-container\">\n\t\t\t\t\t\t\t\t\t\t\t\t\t<img decoding=\"async\" width=\"800\" height=\"800\" src=\"https:\/\/philequus.com\/wp-content\/uploads\/2024\/05\/LOGO_ALTER_HORSE.jpg\" class=\"attachment-large size-large wp-image-1305\" alt=\"\" srcset=\"https:\/\/philequus.com\/wp-content\/uploads\/2024\/05\/LOGO_ALTER_HORSE.jpg 850w, https:\/\/philequus.com\/wp-content\/uploads\/2024\/05\/LOGO_ALTER_HORSE-300x300.jpg 300w, https:\/\/philequus.com\/wp-content\/uploads\/2024\/05\/LOGO_ALTER_HORSE-150x150.jpg 150w, https:\/\/philequus.com\/wp-content\/uploads\/2024\/05\/LOGO_ALTER_HORSE-768x768.jpg 768w\" sizes=\"(max-width: 800px) 100vw, 800px\" \/>\t\t\t\t\t\t\t\t\t\t\t\t\t<\/div>\n\t\t\t\t<\/div>\n\t\t\t\t<div class=\"elementor-element elementor-element-337ec2b elementor-align-center elementor-widget elementor-widget-button\" data-id=\"337ec2b\" data-element_type=\"widget\" data-widget_type=\"button.default\">\n\t\t\t\t<div class=\"elementor-widget-container\">\n\t\t\t\t\t<div class=\"elementor-button-wrapper\">\n\t\t\t<a class=\"elementor-button elementor-button-link elementor-size-sm\" href=\"https:\/\/alter-horse.com\/\" target=\"_blank\">\n\t\t\t\t\t\t<span class=\"elementor-button-content-wrapper\">\n\t\t\t\t\t\t\t\t\t<span class=\"elementor-button-text\">Cliquez ici<\/span>\n\t\t\t\t\t<\/span>\n\t\t\t\t\t<\/a>\n\t\t<\/div>\n\t\t\t\t<\/div>\n\t\t\t\t<\/div>\n\t\t\t\t\t<\/div>\n\t\t\t\t<\/div>\n\t\t\t\t\t<\/div>\n\t\t\t\t<\/div>\n\t\t\t\t\t<\/div>\n\t\t\t\t<\/div>\n\t\t<div class=\"elementor-element elementor-element-4985e3c e-flex e-con-boxed e-con e-parent\" data-id=\"4985e3c\" data-element_type=\"container\" data-settings=\"{&quot;background_background&quot;:&quot;classic&quot;}\">\n\t\t\t\t\t<div class=\"e-con-inner\">\n\t\t<div class=\"elementor-element elementor-element-e5f3777 e-flex e-con-boxed elementor-invisible e-con e-child\" data-id=\"e5f3777\" data-element_type=\"container\" data-settings=\"{&quot;animation&quot;:&quot;fadeIn&quot;,&quot;animation_delay&quot;:600}\">\n\t\t\t\t\t<div class=\"e-con-inner\">\n\t\t\t\t<div class=\"elementor-element elementor-element-d6b658f elementor-widget elementor-widget-heading\" data-id=\"d6b658f\" data-element_type=\"widget\" data-widget_type=\"heading.default\">\n\t\t\t\t<div class=\"elementor-widget-container\">\n\t\t\t<h2 class=\"elementor-heading-title elementor-size-default\">Pourquoi les chevaux ?<\/h2>\t\t<\/div>\n\t\t\t\t<\/div>\n\t\t\t\t<div class=\"elementor-element elementor-element-861f716 elementor-widget elementor-widget-text-editor\" data-id=\"861f716\" data-element_type=\"widget\" data-widget_type=\"text-editor.default\">\n\t\t\t\t<div class=\"elementor-widget-container\">\n\t\t\t\t\t\t\t<p>Les chevaux nous reconnectent \u00e0 la nature et nous rappellent notre lien intrins\u00e8que avec elle.<br \/><br \/>Passionn\u00e9 par les chevaux et les c\u00f4toyant depuis 30 ans avec une approche \u00e9thologique j&rsquo;ai appris \u00e0 connaitre leur mode de fonctionnement qui r\u00e9clame de notre part une remise en question permanente. Ils ont une intelligence \u00e9motionnelle tr\u00e8s d\u00e9velopp\u00e9e. Le cheval, gr\u00e2ce \u00e0 l&rsquo;effet miroir, nous am\u00e8ne \u00e0 une prise de conscience de ce qui se passe en nous, notre \u00e9tat d&rsquo;\u00eatre du moment, comment nous inter agissons avec ceux qui nous entourent aussi bien dans le milieu professionnel que dans notre sph\u00e8re priv\u00e9e. Il va interroger notre savoir \u00eatre.<br \/><br \/>Le cheval est un acc\u00e9l\u00e9rateur de prise de conscience et un guide sur le chemin de l\u2019\u00e9motion authentique. Ils portent sur nous un regard non jugeant, bienveillant et nous renvoient instantan\u00e9ment notre \u00e9tat d\u2019\u00eatre<\/p>\t\t\t\t\t\t<\/div>\n\t\t\t\t<\/div>\n\t\t\t\t<div class=\"elementor-element elementor-element-68bf887 elementor-widget elementor-widget-global elementor-global-116 elementor-widget-button\" data-id=\"68bf887\" data-element_type=\"widget\" data-widget_type=\"button.default\">\n\t\t\t\t<div class=\"elementor-widget-container\">\n\t\t\t\t\t<div class=\"elementor-button-wrapper\">\n\t\t\t<a class=\"elementor-button elementor-button-link elementor-size-sm\" href=\"https:\/\/philequus.com#contact\">\n\t\t\t\t\t\t<span class=\"elementor-button-content-wrapper\">\n\t\t\t\t\t\t<span class=\"elementor-button-icon\">\n\t\t\t\t<i aria-hidden=\"true\" class=\"fas fa-envelope\"><\/i>\t\t\t<\/span>\n\t\t\t\t\t\t\t\t\t<span class=\"elementor-button-text\">Nous contacter<\/span>\n\t\t\t\t\t<\/span>\n\t\t\t\t\t<\/a>\n\t\t<\/div>\n\t\t\t\t<\/div>\n\t\t\t\t<\/div>\n\t\t\t\t\t<\/div>\n\t\t\t\t<\/div>\n\t\t<div class=\"elementor-element elementor-element-2980a58 e-flex e-con-boxed elementor-invisible e-con e-child\" data-id=\"2980a58\" data-element_type=\"container\" data-settings=\"{&quot;animation&quot;:&quot;fadeIn&quot;,&quot;animation_delay&quot;:200}\">\n\t\t\t\t\t<div class=\"e-con-inner\">\n\t\t\t\t<div class=\"elementor-element elementor-element-ff32a17 elementor-widget-tablet__width-inherit elementor-widget-mobile__width-inherit elementor-widget__width-inherit elementor-widget elementor-widget-image\" data-id=\"ff32a17\" data-element_type=\"widget\" data-widget_type=\"image.default\">\n\t\t\t\t<div class=\"elementor-widget-container\">\n\t\t\t\t\t\t\t\t\t\t\t\t\t<img loading=\"lazy\" decoding=\"async\" width=\"800\" height=\"800\" src=\"https:\/\/philequus.com\/wp-content\/uploads\/2024\/08\/POURQUOI-LES-CHEVAUX-1024x1024.jpg\" class=\"attachment-large size-large wp-image-1369\" alt=\"\" srcset=\"https:\/\/philequus.com\/wp-content\/uploads\/2024\/08\/POURQUOI-LES-CHEVAUX-1024x1024.jpg 1024w, https:\/\/philequus.com\/wp-content\/uploads\/2024\/08\/POURQUOI-LES-CHEVAUX-300x300.jpg 300w, https:\/\/philequus.com\/wp-content\/uploads\/2024\/08\/POURQUOI-LES-CHEVAUX-150x150.jpg 150w, https:\/\/philequus.com\/wp-content\/uploads\/2024\/08\/POURQUOI-LES-CHEVAUX-768x768.jpg 768w, https:\/\/philequus.com\/wp-content\/uploads\/2024\/08\/POURQUOI-LES-CHEVAUX-1536x1536.jpg 1536w, https:\/\/philequus.com\/wp-content\/uploads\/2024\/08\/POURQUOI-LES-CHEVAUX-2048x2048.jpg 2048w\" sizes=\"(max-width: 800px) 100vw, 800px\" \/>\t\t\t\t\t\t\t\t\t\t\t\t\t<\/div>\n\t\t\t\t<\/div>\n\t\t\t\t\t<\/div>\n\t\t\t\t<\/div>\n\t\t\t\t\t<\/div>\n\t\t\t\t<\/div>\n\t\t<div class=\"elementor-element elementor-element-1bffd77 e-flex e-con-boxed e-con e-parent\" data-id=\"1bffd77\" data-element_type=\"container\">\n\t\t\t\t\t<div class=\"e-con-inner\">\n\t\t<div class=\"elementor-element elementor-element-4a1ceb7 e-flex e-con-boxed elementor-invisible e-con e-child\" data-id=\"4a1ceb7\" data-element_type=\"container\" data-settings=\"{&quot;animation&quot;:&quot;fadeIn&quot;,&quot;animation_delay&quot;:400}\">\n\t\t\t\t\t<div class=\"e-con-inner\">\n\t\t<div class=\"elementor-element elementor-element-c4aebf4 e-flex e-con-boxed e-con e-child\" data-id=\"c4aebf4\" data-element_type=\"container\">\n\t\t\t\t\t<div class=\"e-con-inner\">\n\t\t\t\t<div class=\"elementor-element elementor-element-e20c9ad elementor-widget elementor-widget-image\" data-id=\"e20c9ad\" data-element_type=\"widget\" data-widget_type=\"image.default\">\n\t\t\t\t<div class=\"elementor-widget-container\">\n\t\t\t\t\t\t\t\t\t\t\t\t\t<img loading=\"lazy\" decoding=\"async\" width=\"752\" height=\"1024\" src=\"https:\/\/philequus.com\/wp-content\/uploads\/2024\/02\/IMG_6675-752x1024.webp\" class=\"elementor-animation-float attachment-large size-large wp-image-1267\" alt=\"\" srcset=\"https:\/\/philequus.com\/wp-content\/uploads\/2024\/02\/IMG_6675-752x1024.webp 752w, https:\/\/philequus.com\/wp-content\/uploads\/2024\/02\/IMG_6675-220x300.webp 220w, https:\/\/philequus.com\/wp-content\/uploads\/2024\/02\/IMG_6675-768x1046.webp 768w, https:\/\/philequus.com\/wp-content\/uploads\/2024\/02\/IMG_6675-1128x1536.webp 1128w, https:\/\/philequus.com\/wp-content\/uploads\/2024\/02\/IMG_6675-1504x2048.webp 1504w, https:\/\/philequus.com\/wp-content\/uploads\/2024\/02\/IMG_6675-scaled.webp 1879w\" sizes=\"(max-width: 752px) 100vw, 752px\" \/>\t\t\t\t\t\t\t\t\t\t\t\t\t<\/div>\n\t\t\t\t<\/div>\n\t\t\t\t<div class=\"elementor-element elementor-element-1133406 elementor-widget elementor-widget-image\" data-id=\"1133406\" data-element_type=\"widget\" data-widget_type=\"image.default\">\n\t\t\t\t<div class=\"elementor-widget-container\">\n\t\t\t\t\t\t\t\t\t\t\t\t\t<img loading=\"lazy\" decoding=\"async\" width=\"768\" height=\"1024\" src=\"https:\/\/philequus.com\/wp-content\/uploads\/2024\/02\/IMG_0174-768x1024.webp\" class=\"elementor-animation-float attachment-large size-large wp-image-1268\" alt=\"\" srcset=\"https:\/\/philequus.com\/wp-content\/uploads\/2024\/02\/IMG_0174-768x1024.webp 768w, https:\/\/philequus.com\/wp-content\/uploads\/2024\/02\/IMG_0174-225x300.webp 225w, https:\/\/philequus.com\/wp-content\/uploads\/2024\/02\/IMG_0174-1152x1536.webp 1152w, https:\/\/philequus.com\/wp-content\/uploads\/2024\/02\/IMG_0174.webp 1338w\" sizes=\"(max-width: 768px) 100vw, 768px\" \/>\t\t\t\t\t\t\t\t\t\t\t\t\t<\/div>\n\t\t\t\t<\/div>\n\t\t\t\t<div class=\"elementor-element elementor-element-550b3f4 elementor-widget elementor-widget-image\" data-id=\"550b3f4\" data-element_type=\"widget\" data-widget_type=\"image.default\">\n\t\t\t\t<div class=\"elementor-widget-container\">\n\t\t\t\t\t\t\t\t\t\t\t\t\t<img loading=\"lazy\" decoding=\"async\" width=\"683\" height=\"1024\" src=\"https:\/\/philequus.com\/wp-content\/uploads\/2024\/02\/IMG_0112-1-683x1024.webp\" class=\"elementor-animation-float attachment-large size-large wp-image-1269\" alt=\"\" srcset=\"https:\/\/philequus.com\/wp-content\/uploads\/2024\/02\/IMG_0112-1-683x1024.webp 683w, https:\/\/philequus.com\/wp-content\/uploads\/2024\/02\/IMG_0112-1-200x300.webp 200w, https:\/\/philequus.com\/wp-content\/uploads\/2024\/02\/IMG_0112-1-768x1152.webp 768w, https:\/\/philequus.com\/wp-content\/uploads\/2024\/02\/IMG_0112-1-1024x1536.webp 1024w, https:\/\/philequus.com\/wp-content\/uploads\/2024\/02\/IMG_0112-1-1365x2048.webp 1365w, https:\/\/philequus.com\/wp-content\/uploads\/2024\/02\/IMG_0112-1-scaled.webp 1707w\" sizes=\"(max-width: 683px) 100vw, 683px\" \/>\t\t\t\t\t\t\t\t\t\t\t\t\t<\/div>\n\t\t\t\t<\/div>\n\t\t\t\t\t<\/div>\n\t\t\t\t<\/div>\n\t\t\t\t\t<\/div>\n\t\t\t\t<\/div>\n\t\t\t\t\t<\/div>\n\t\t\t\t<\/div>\n\t\t\t\t<\/div>\n\t\t","protected":false},"excerpt":{"rendered":"<p>Qui suis-je ? Je suis Philippe LAFARGUE et j\u2019ai 58 ans . De tout temps port\u00e9 par la relation humaine, tr\u00e8s proche de la nature et des animaux, j\u2019ai d\u00e9cid\u00e9, apr\u00e8s 34 ann\u00e9es pass\u00e9es dans le monde de l\u2019industrie, de me consacrer enti\u00e8rement \u00e0 l\u2019accompagnement des personnes. Sophrologue depuis 2021 apr\u00e8s 2 ans de formation [&hellip;]<\/p>\n","protected":false},"author":1,"featured_media":0,"parent":0,"menu_order":0,"comment_status":"closed","ping_status":"closed","template":"elementor_header_footer","meta":{"footnotes":""},"class_list":["post-1111","page","type-page","status-publish","hentry"],"_links":{"self":[{"href":"https:\/\/philequus.com\/index.php?rest_route=\/wp\/v2\/pages\/1111","targetHints":{"allow":["GET"]}}],"collection":[{"href":"https:\/\/philequus.com\/index.php?rest_route=\/wp\/v2\/pages"}],"about":[{"href":"https:\/\/philequus.com\/index.php?rest_route=\/wp\/v2\/types\/page"}],"author":[{"embeddable":true,"href":"https:\/\/philequus.com\/index.php?rest_route=\/wp\/v2\/users\/1"}],"replies":[{"embeddable":true,"href":"https:\/\/philequus.com\/index.php?rest_route=%2Fwp%2Fv2%2Fcomments&post=1111"}],"version-history":[{"count":46,"href":"https:\/\/philequus.com\/index.php?rest_route=\/wp\/v2\/pages\/1111\/revisions"}],"predecessor-version":[{"id":1375,"href":"https:\/\/philequus.com\/index.php?rest_route=\/wp\/v2\/pages\/1111\/revisions\/1375"}],"wp:attachment":[{"href":"https:\/\/philequus.com\/index.php?rest_route=%2Fwp%2Fv2%2Fmedia&parent=1111"}],"curies":[{"name":"wp","href":"https:\/\/api.w.org\/{rel}","templated":true}]}}