{"id":1112,"date":"2023-10-19T23:32:07","date_gmt":"2023-10-19T23:32:07","guid":{"rendered":"https:\/\/philequus.com\/?page_id=1112"},"modified":"2024-08-30T14:49:59","modified_gmt":"2024-08-30T14:49:59","slug":"equi-coaching","status":"publish","type":"page","link":"https:\/\/philequus.com\/?page_id=1112","title":{"rendered":"Equi coaching"},"content":{"rendered":"\t\t<div data-elementor-type=\"wp-page\" data-elementor-id=\"1112\" class=\"elementor elementor-1112\" data-elementor-post-type=\"page\">\n\t\t\t\t<div class=\"elementor-element elementor-element-9f834e6 e-flex e-con-boxed e-con e-parent\" data-id=\"9f834e6\" data-element_type=\"container\" data-settings=\"{&quot;background_background&quot;:&quot;classic&quot;}\">\n\t\t\t\t\t<div class=\"e-con-inner\">\n\t\t<div class=\"elementor-element elementor-element-0e92533 e-flex e-con-boxed elementor-invisible e-con e-child\" data-id=\"0e92533\" data-element_type=\"container\" data-settings=\"{&quot;animation&quot;:&quot;fadeIn&quot;,&quot;animation_delay&quot;:600}\">\n\t\t\t\t\t<div class=\"e-con-inner\">\n\t\t\t\t<div class=\"elementor-element elementor-element-8b5d9fe elementor-widget elementor-widget-heading\" data-id=\"8b5d9fe\" data-element_type=\"widget\" data-widget_type=\"heading.default\">\n\t\t\t\t<div class=\"elementor-widget-container\">\n\t\t\t<h2 class=\"elementor-heading-title elementor-size-default\">Qu\u2019est ce que l\u2019\u00e9quicoaching\u00a0?<\/h2>\t\t<\/div>\n\t\t\t\t<\/div>\n\t\t\t\t<div class=\"elementor-element elementor-element-884bc61 elementor-widget elementor-widget-text-editor\" data-id=\"884bc61\" data-element_type=\"widget\" data-widget_type=\"text-editor.default\">\n\t\t\t\t<div class=\"elementor-widget-container\">\n\t\t\t\t\t\t\t<p>L\u2019\u00e9quicoaching est une m\u00e9thode d\u2019accompagnement qui combine les principes du coaching personnel ou professionnel avec l\u2019interaction avec les chevaux. Il permet aux participants de mieux comprendre leurs forces, leurs faiblesses et de d\u00e9velopper leurs comp\u00e9tences et potentiels pour r\u00e9ussir dans leur vie personnelle et professionnelle.<\/p>\t\t\t\t\t\t<\/div>\n\t\t\t\t<\/div>\n\t\t\t\t<div class=\"elementor-element elementor-element-bb007b7 elementor-widget elementor-widget-global elementor-global-116 elementor-widget-button\" data-id=\"bb007b7\" data-element_type=\"widget\" data-widget_type=\"button.default\">\n\t\t\t\t<div class=\"elementor-widget-container\">\n\t\t\t\t\t<div class=\"elementor-button-wrapper\">\n\t\t\t<a class=\"elementor-button elementor-button-link elementor-size-sm\" href=\"https:\/\/philequus.com#contact\">\n\t\t\t\t\t\t<span class=\"elementor-button-content-wrapper\">\n\t\t\t\t\t\t<span class=\"elementor-button-icon\">\n\t\t\t\t<i aria-hidden=\"true\" class=\"fas fa-envelope\"><\/i>\t\t\t<\/span>\n\t\t\t\t\t\t\t\t\t<span class=\"elementor-button-text\">Nous contacter<\/span>\n\t\t\t\t\t<\/span>\n\t\t\t\t\t<\/a>\n\t\t<\/div>\n\t\t\t\t<\/div>\n\t\t\t\t<\/div>\n\t\t\t\t\t<\/div>\n\t\t\t\t<\/div>\n\t\t<div class=\"elementor-element elementor-element-e58157a e-flex e-con-boxed elementor-invisible e-con e-child\" data-id=\"e58157a\" data-element_type=\"container\" data-settings=\"{&quot;animation&quot;:&quot;fadeIn&quot;,&quot;animation_delay&quot;:200}\">\n\t\t\t\t\t<div class=\"e-con-inner\">\n\t\t\t\t<div class=\"elementor-element elementor-element-71fbf61 elementor-widget-tablet__width-inherit elementor-widget-mobile__width-inherit elementor-widget__width-inherit elementor-widget elementor-widget-image\" data-id=\"71fbf61\" data-element_type=\"widget\" data-widget_type=\"image.default\">\n\t\t\t\t<div class=\"elementor-widget-container\">\n\t\t\t\t\t\t\t\t\t\t\t\t\t<img fetchpriority=\"high\" decoding=\"async\" width=\"800\" height=\"534\" src=\"https:\/\/philequus.com\/wp-content\/uploads\/2023\/10\/Domainedel-Espe\u2560urance-Se\u2560uminairesentreprise49-1024x683-1.jpg\" class=\"attachment-large size-large wp-image-1203\" alt=\"\" srcset=\"https:\/\/philequus.com\/wp-content\/uploads\/2023\/10\/Domainedel-Espe\u2560urance-Se\u2560uminairesentreprise49-1024x683-1.jpg 1024w, https:\/\/philequus.com\/wp-content\/uploads\/2023\/10\/Domainedel-Espe\u2560urance-Se\u2560uminairesentreprise49-1024x683-1-300x200.jpg 300w, https:\/\/philequus.com\/wp-content\/uploads\/2023\/10\/Domainedel-Espe\u2560urance-Se\u2560uminairesentreprise49-1024x683-1-768x512.jpg 768w\" sizes=\"(max-width: 800px) 100vw, 800px\" \/>\t\t\t\t\t\t\t\t\t\t\t\t\t<\/div>\n\t\t\t\t<\/div>\n\t\t\t\t\t<\/div>\n\t\t\t\t<\/div>\n\t\t\t\t\t<\/div>\n\t\t\t\t<\/div>\n\t\t<div class=\"elementor-element elementor-element-4985e3c e-flex e-con-boxed e-con e-parent\" data-id=\"4985e3c\" data-element_type=\"container\" data-settings=\"{&quot;background_background&quot;:&quot;classic&quot;}\">\n\t\t\t\t\t<div class=\"e-con-inner\">\n\t\t<div class=\"elementor-element elementor-element-e5f3777 e-flex e-con-boxed elementor-invisible e-con e-child\" data-id=\"e5f3777\" data-element_type=\"container\" data-settings=\"{&quot;animation&quot;:&quot;fadeIn&quot;,&quot;animation_delay&quot;:600}\">\n\t\t\t\t\t<div class=\"e-con-inner\">\n\t\t\t\t<div class=\"elementor-element elementor-element-d6b658f elementor-widget elementor-widget-heading\" data-id=\"d6b658f\" data-element_type=\"widget\" data-widget_type=\"heading.default\">\n\t\t\t\t<div class=\"elementor-widget-container\">\n\t\t\t<h2 class=\"elementor-heading-title elementor-size-default\">Quelques apports de l\u2019\u00e9quicoaching<\/h2>\t\t<\/div>\n\t\t\t\t<\/div>\n\t\t\t\t<div class=\"elementor-element elementor-element-861f716 elementor-widget elementor-widget-text-editor\" data-id=\"861f716\" data-element_type=\"widget\" data-widget_type=\"text-editor.default\">\n\t\t\t\t<div class=\"elementor-widget-container\">\n\t\t\t\t\t\t\t<p>L\u2019interaction avec les chevaux n\u00e9cessite de la confiance en soi. Les participants apprennent \u00e0 gagner la confiance des chevaux, ce qui renforce leur propre confiance en eux.<\/p><p>Les chevaux sont sensibles aux signaux non verbaux et au langage corporel. L\u2019\u00e9quicoaching enseigne aux participants l\u2019importance de la communication claire et authentique, am\u00e9liorant ainsi leurs comp\u00e9tences de communication.<\/p><p>Le travail avec les chevaux peut \u00eatre une source de stress, ce qui permet aux participants de d\u00e9velopper des comp\u00e9tences de gestion du stress et de prise de d\u00e9cision sous pression.<\/p><p>Les chevaux sont des animaux sociaux qui hi\u00e9rarchisent naturellement et qui \u00e9valuent les comp\u00e9tences de chacun. L\u2019\u00e9quicoaching aide \u00e0 d\u00e9velopper les comp\u00e9tences de leadership et de collaboration en travaillant les relations interpersonnelles.<\/p>\t\t\t\t\t\t<\/div>\n\t\t\t\t<\/div>\n\t\t\t\t<div class=\"elementor-element elementor-element-68bf887 elementor-widget elementor-widget-global elementor-global-116 elementor-widget-button\" data-id=\"68bf887\" data-element_type=\"widget\" data-widget_type=\"button.default\">\n\t\t\t\t<div class=\"elementor-widget-container\">\n\t\t\t\t\t<div class=\"elementor-button-wrapper\">\n\t\t\t<a class=\"elementor-button elementor-button-link elementor-size-sm\" href=\"https:\/\/philequus.com#contact\">\n\t\t\t\t\t\t<span class=\"elementor-button-content-wrapper\">\n\t\t\t\t\t\t<span class=\"elementor-button-icon\">\n\t\t\t\t<i aria-hidden=\"true\" class=\"fas fa-envelope\"><\/i>\t\t\t<\/span>\n\t\t\t\t\t\t\t\t\t<span class=\"elementor-button-text\">Nous contacter<\/span>\n\t\t\t\t\t<\/span>\n\t\t\t\t\t<\/a>\n\t\t<\/div>\n\t\t\t\t<\/div>\n\t\t\t\t<\/div>\n\t\t\t\t\t<\/div>\n\t\t\t\t<\/div>\n\t\t<div class=\"elementor-element elementor-element-2980a58 e-flex e-con-boxed elementor-invisible e-con e-child\" data-id=\"2980a58\" data-element_type=\"container\" data-settings=\"{&quot;animation&quot;:&quot;fadeIn&quot;,&quot;animation_delay&quot;:200}\">\n\t\t\t\t\t<div class=\"e-con-inner\">\n\t\t\t\t<div class=\"elementor-element elementor-element-ff32a17 elementor-widget-tablet__width-inherit elementor-widget-mobile__width-inherit elementor-widget__width-inherit elementor-widget elementor-widget-image\" data-id=\"ff32a17\" data-element_type=\"widget\" data-widget_type=\"image.default\">\n\t\t\t\t<div class=\"elementor-widget-container\">\n\t\t\t\t\t\t\t\t\t\t\t\t\t<img decoding=\"async\" width=\"800\" height=\"453\" src=\"https:\/\/philequus.com\/wp-content\/uploads\/2023\/10\/1200x680_arabian-horse-g5e21a94d9_1920-1024x580.jpg\" class=\"attachment-large size-large wp-image-1206\" alt=\"\" srcset=\"https:\/\/philequus.com\/wp-content\/uploads\/2023\/10\/1200x680_arabian-horse-g5e21a94d9_1920-1024x580.jpg 1024w, https:\/\/philequus.com\/wp-content\/uploads\/2023\/10\/1200x680_arabian-horse-g5e21a94d9_1920-300x170.jpg 300w, https:\/\/philequus.com\/wp-content\/uploads\/2023\/10\/1200x680_arabian-horse-g5e21a94d9_1920-768x435.jpg 768w, https:\/\/philequus.com\/wp-content\/uploads\/2023\/10\/1200x680_arabian-horse-g5e21a94d9_1920.jpg 1200w\" sizes=\"(max-width: 800px) 100vw, 800px\" \/>\t\t\t\t\t\t\t\t\t\t\t\t\t<\/div>\n\t\t\t\t<\/div>\n\t\t\t\t\t<\/div>\n\t\t\t\t<\/div>\n\t\t\t\t\t<\/div>\n\t\t\t\t<\/div>\n\t\t<div class=\"elementor-element elementor-element-5c1f6985 e-flex e-con-boxed e-con e-parent\" data-id=\"5c1f6985\" data-element_type=\"container\" data-settings=\"{&quot;background_background&quot;:&quot;classic&quot;}\">\n\t\t\t\t\t<div class=\"e-con-inner\">\n\t\t<div class=\"elementor-element elementor-element-5ab68762 e-flex e-con-boxed elementor-invisible e-con e-child\" data-id=\"5ab68762\" data-element_type=\"container\" data-settings=\"{&quot;animation&quot;:&quot;fadeIn&quot;,&quot;animation_delay&quot;:200}\">\n\t\t\t\t\t<div class=\"e-con-inner\">\n\t\t\t\t<div class=\"elementor-element elementor-element-76859bde elementor-widget elementor-widget-heading\" data-id=\"76859bde\" data-element_type=\"widget\" data-widget_type=\"heading.default\">\n\t\t\t\t<div class=\"elementor-widget-container\">\n\t\t\t<h2 class=\"elementor-heading-title elementor-size-default\">Les prestations que nous proposons<\/h2>\t\t<\/div>\n\t\t\t\t<\/div>\n\t\t\t\t<div class=\"elementor-element elementor-element-52c65103 elementor-widget elementor-widget-text-editor\" data-id=\"52c65103\" data-element_type=\"widget\" data-widget_type=\"text-editor.default\">\n\t\t\t\t<div class=\"elementor-widget-container\">\n\t\t\t\t\t\t\t<p>Qualit\u00e9, proximit\u00e9 et engagement au service de nos clients.<\/p>\t\t\t\t\t\t<\/div>\n\t\t\t\t<\/div>\n\t\t\t\t\t<\/div>\n\t\t\t\t<\/div>\n\t\t<div class=\"elementor-element elementor-element-429fa543 e-flex e-con-boxed elementor-invisible e-con e-child\" data-id=\"429fa543\" data-element_type=\"container\" data-settings=\"{&quot;animation&quot;:&quot;fadeIn&quot;,&quot;animation_delay&quot;:400}\">\n\t\t\t\t\t<div class=\"e-con-inner\">\n\t\t<div class=\"elementor-element elementor-element-14844290 e-flex e-con-boxed e-con e-child\" data-id=\"14844290\" data-element_type=\"container\" data-settings=\"{&quot;background_background&quot;:&quot;classic&quot;}\">\n\t\t\t\t\t<div class=\"e-con-inner\">\n\t\t\t\t<div class=\"elementor-element elementor-element-1571668b elementor-widget elementor-widget-image\" data-id=\"1571668b\" data-element_type=\"widget\" data-widget_type=\"image.default\">\n\t\t\t\t<div class=\"elementor-widget-container\">\n\t\t\t\t\t\t\t\t\t\t\t\t\t<img decoding=\"async\" width=\"800\" height=\"800\" src=\"https:\/\/philequus.com\/wp-content\/uploads\/2024\/08\/Equicoaching-entreprise-1024x1024.jpg\" class=\"attachment-large size-large wp-image-1361\" alt=\"\" srcset=\"https:\/\/philequus.com\/wp-content\/uploads\/2024\/08\/Equicoaching-entreprise-1024x1024.jpg 1024w, https:\/\/philequus.com\/wp-content\/uploads\/2024\/08\/Equicoaching-entreprise-300x300.jpg 300w, https:\/\/philequus.com\/wp-content\/uploads\/2024\/08\/Equicoaching-entreprise-150x150.jpg 150w, https:\/\/philequus.com\/wp-content\/uploads\/2024\/08\/Equicoaching-entreprise-768x768.jpg 768w, https:\/\/philequus.com\/wp-content\/uploads\/2024\/08\/Equicoaching-entreprise-1536x1536.jpg 1536w, https:\/\/philequus.com\/wp-content\/uploads\/2024\/08\/Equicoaching-entreprise-2048x2048.jpg 2048w\" sizes=\"(max-width: 800px) 100vw, 800px\" \/>\t\t\t\t\t\t\t\t\t\t\t\t\t<\/div>\n\t\t\t\t<\/div>\n\t\t\t\t<div class=\"elementor-element elementor-element-5042486d elementor-widget elementor-widget-heading\" data-id=\"5042486d\" data-element_type=\"widget\" data-widget_type=\"heading.default\">\n\t\t\t\t<div class=\"elementor-widget-container\">\n\t\t\t<h3 class=\"elementor-heading-title elementor-size-default\">Entreprise<\/h3>\t\t<\/div>\n\t\t\t\t<\/div>\n\t\t\t\t<div class=\"elementor-element elementor-element-5ddbdd0c elementor-widget elementor-widget-text-editor\" data-id=\"5ddbdd0c\" data-element_type=\"widget\" data-widget_type=\"text-editor.default\">\n\t\t\t\t<div class=\"elementor-widget-container\">\n\t\t\t\t\t\t\t<p>Quelle que soit la fonction que vous occupez au sein de votre entreprise , vous connaissez l&rsquo;importance d&rsquo;avoir une relation de qualit\u00e9 avec les personnes qui vous entourent et cela passe par une maitrise de la communication et du savoir \u00eatre. Am\u00e9liorer son leadership, d\u00e9velopper son intelligence \u00e9motionnelle , travailler son assertivit\u00e9, savoir travailler en \u00e9quipe sont indispensables pour mener \u00e0 bien toutes les missions qui vous incombent et atteindre les objectifs fix\u00e9s<\/p>\t\t\t\t\t\t<\/div>\n\t\t\t\t<\/div>\n\t\t\t\t\t<\/div>\n\t\t\t\t<\/div>\n\t\t<div class=\"elementor-element elementor-element-4d8b3531 e-flex e-con-boxed e-con e-child\" data-id=\"4d8b3531\" data-element_type=\"container\" data-settings=\"{&quot;background_background&quot;:&quot;classic&quot;}\">\n\t\t\t\t\t<div class=\"e-con-inner\">\n\t\t\t\t<div class=\"elementor-element elementor-element-740fc158 elementor-widget elementor-widget-image\" data-id=\"740fc158\" data-element_type=\"widget\" data-widget_type=\"image.default\">\n\t\t\t\t<div class=\"elementor-widget-container\">\n\t\t\t\t\t\t\t\t\t\t\t\t\t<img loading=\"lazy\" decoding=\"async\" width=\"800\" height=\"800\" src=\"https:\/\/philequus.com\/wp-content\/uploads\/2024\/07\/Apport-Equicoaching-1024x1024.jpg\" class=\"attachment-large size-large wp-image-1339\" alt=\"\" srcset=\"https:\/\/philequus.com\/wp-content\/uploads\/2024\/07\/Apport-Equicoaching-1024x1024.jpg 1024w, https:\/\/philequus.com\/wp-content\/uploads\/2024\/07\/Apport-Equicoaching-300x300.jpg 300w, https:\/\/philequus.com\/wp-content\/uploads\/2024\/07\/Apport-Equicoaching-150x150.jpg 150w, https:\/\/philequus.com\/wp-content\/uploads\/2024\/07\/Apport-Equicoaching-768x768.jpg 768w, https:\/\/philequus.com\/wp-content\/uploads\/2024\/07\/Apport-Equicoaching-1536x1536.jpg 1536w, https:\/\/philequus.com\/wp-content\/uploads\/2024\/07\/Apport-Equicoaching.jpg 1811w\" sizes=\"(max-width: 800px) 100vw, 800px\" \/>\t\t\t\t\t\t\t\t\t\t\t\t\t<\/div>\n\t\t\t\t<\/div>\n\t\t\t\t<div class=\"elementor-element elementor-element-1eadb816 elementor-widget elementor-widget-heading\" data-id=\"1eadb816\" data-element_type=\"widget\" data-widget_type=\"heading.default\">\n\t\t\t\t<div class=\"elementor-widget-container\">\n\t\t\t<h3 class=\"elementor-heading-title elementor-size-default\">Individuel<\/h3>\t\t<\/div>\n\t\t\t\t<\/div>\n\t\t\t\t<div class=\"elementor-element elementor-element-595266ab elementor-widget elementor-widget-text-editor\" data-id=\"595266ab\" data-element_type=\"widget\" data-widget_type=\"text-editor.default\">\n\t\t\t\t<div class=\"elementor-widget-container\">\n\t\t\t\t\t\t\t<p>Expert en communication et en intelligence \u00e9motionnelle , le cheval vous montre la voie pour vous d\u00e9couvrir, et mettre en valeur vos qualit\u00e9s. Il ressent instantan\u00e9ment qui vous \u00eates et ce que vous ressentez au plus profond de vous m\u00eame. Il vous invite \u00e0 en prendre conscience et devient le partenaire de votre d\u00e9veloppement. Le cheval vous connecte \u00e0 l&rsquo;instant pr\u00e9sent , sans jugement et vous convie \u00e0 \u00eatre en accord avec votre \u00eatre int\u00e9rieur.<\/p>\t\t\t\t\t\t<\/div>\n\t\t\t\t<\/div>\n\t\t\t\t\t<\/div>\n\t\t\t\t<\/div>\n\t\t<div class=\"elementor-element elementor-element-25b22b8 e-flex e-con-boxed e-con e-child\" data-id=\"25b22b8\" data-element_type=\"container\" data-settings=\"{&quot;background_background&quot;:&quot;classic&quot;}\">\n\t\t\t\t\t<div class=\"e-con-inner\">\n\t\t\t\t<div class=\"elementor-element elementor-element-afa5084 elementor-widget elementor-widget-image\" data-id=\"afa5084\" data-element_type=\"widget\" data-widget_type=\"image.default\">\n\t\t\t\t<div class=\"elementor-widget-container\">\n\t\t\t\t\t\t\t\t\t\t\t\t\t<img loading=\"lazy\" decoding=\"async\" width=\"800\" height=\"600\" src=\"https:\/\/philequus.com\/wp-content\/uploads\/2024\/08\/BINOME-equicoaching-Famille-1024x768.jpg\" class=\"attachment-large size-large wp-image-1360\" alt=\"\" srcset=\"https:\/\/philequus.com\/wp-content\/uploads\/2024\/08\/BINOME-equicoaching-Famille-1024x768.jpg 1024w, https:\/\/philequus.com\/wp-content\/uploads\/2024\/08\/BINOME-equicoaching-Famille-300x225.jpg 300w, https:\/\/philequus.com\/wp-content\/uploads\/2024\/08\/BINOME-equicoaching-Famille-768x576.jpg 768w, https:\/\/philequus.com\/wp-content\/uploads\/2024\/08\/BINOME-equicoaching-Famille-1536x1152.jpg 1536w, https:\/\/philequus.com\/wp-content\/uploads\/2024\/08\/BINOME-equicoaching-Famille.jpg 2048w\" sizes=\"(max-width: 800px) 100vw, 800px\" \/>\t\t\t\t\t\t\t\t\t\t\t\t\t<\/div>\n\t\t\t\t<\/div>\n\t\t\t\t<div class=\"elementor-element elementor-element-1ec93f2 elementor-widget elementor-widget-heading\" data-id=\"1ec93f2\" data-element_type=\"widget\" data-widget_type=\"heading.default\">\n\t\t\t\t<div class=\"elementor-widget-container\">\n\t\t\t<h3 class=\"elementor-heading-title elementor-size-default\">Famille - Groupe<\/h3>\t\t<\/div>\n\t\t\t\t<\/div>\n\t\t\t\t<div class=\"elementor-element elementor-element-1cebe95 elementor-widget elementor-widget-text-editor\" data-id=\"1cebe95\" data-element_type=\"widget\" data-widget_type=\"text-editor.default\">\n\t\t\t\t<div class=\"elementor-widget-container\">\n\t\t\t\t\t\t\t<p>Que ce soit au sein d&rsquo;une famille ou d&rsquo;un groupe, savoir \u00eatre en relation avec son entourage est tr\u00e8s important. Savoir ressentir, d\u00e9crypter les \u00e9motions, les \u00e9tats d&rsquo;\u00eatre de vos proches ou partenaires d&rsquo;activit\u00e9s est essentiel pour instaurer et maintenir une relation de qualit\u00e9. Le cheval, expert en communication permet au groupe de d\u00e9couvrir comment il fonctionne. La mise en place d&rsquo;exercices d\u00e9di\u00e9s permettra \u00e0 chacun de prendre conscience de sa place au sein du groupe et comment agir et inter agir pour le bien de tous.<\/p>\t\t\t\t\t\t<\/div>\n\t\t\t\t<\/div>\n\t\t\t\t\t<\/div>\n\t\t\t\t<\/div>\n\t\t\t\t\t<\/div>\n\t\t\t\t<\/div>\n\t\t\t\t\t<\/div>\n\t\t\t\t<\/div>\n\t\t\t\t<\/div>\n\t\t","protected":false},"excerpt":{"rendered":"<p>Qu\u2019est ce que l\u2019\u00e9quicoaching\u00a0? L\u2019\u00e9quicoaching est une m\u00e9thode d\u2019accompagnement qui combine les principes du coaching personnel ou professionnel avec l\u2019interaction avec les chevaux. Il permet aux participants de mieux comprendre leurs forces, leurs faiblesses et de d\u00e9velopper leurs comp\u00e9tences et potentiels pour r\u00e9ussir dans leur vie personnelle et professionnelle. Nous contacter Quelques apports de l\u2019\u00e9quicoaching [&hellip;]<\/p>\n","protected":false},"author":1,"featured_media":0,"parent":0,"menu_order":0,"comment_status":"closed","ping_status":"closed","template":"elementor_header_footer","meta":{"footnotes":""},"class_list":["post-1112","page","type-page","status-publish","hentry"],"_links":{"self":[{"href":"https:\/\/philequus.com\/index.php?rest_route=\/wp\/v2\/pages\/1112","targetHints":{"allow":["GET"]}}],"collection":[{"href":"https:\/\/philequus.com\/index.php?rest_route=\/wp\/v2\/pages"}],"about":[{"href":"https:\/\/philequus.com\/index.php?rest_route=\/wp\/v2\/types\/page"}],"author":[{"embeddable":true,"href":"https:\/\/philequus.com\/index.php?rest_route=\/wp\/v2\/users\/1"}],"replies":[{"embeddable":true,"href":"https:\/\/philequus.com\/index.php?rest_route=%2Fwp%2Fv2%2Fcomments&post=1112"}],"version-history":[{"count":35,"href":"https:\/\/philequus.com\/index.php?rest_route=\/wp\/v2\/pages\/1112\/revisions"}],"predecessor-version":[{"id":1364,"href":"https:\/\/philequus.com\/index.php?rest_route=\/wp\/v2\/pages\/1112\/revisions\/1364"}],"wp:attachment":[{"href":"https:\/\/philequus.com\/index.php?rest_route=%2Fwp%2Fv2%2Fmedia&parent=1112"}],"curies":[{"name":"wp","href":"https:\/\/api.w.org\/{rel}","templated":true}]}}