{"id":1113,"date":"2023-10-19T23:32:13","date_gmt":"2023-10-19T23:32:13","guid":{"rendered":"https:\/\/philequus.com\/?page_id=1113"},"modified":"2024-07-09T15:36:59","modified_gmt":"2024-07-09T15:36:59","slug":"equi-sophrologie","status":"publish","type":"page","link":"https:\/\/philequus.com\/?page_id=1113","title":{"rendered":"Equi sophrologie"},"content":{"rendered":"\t\t<div data-elementor-type=\"wp-page\" data-elementor-id=\"1113\" class=\"elementor elementor-1113\" data-elementor-post-type=\"page\">\n\t\t\t\t<div class=\"elementor-element elementor-element-9f834e6 e-flex e-con-boxed e-con e-parent\" data-id=\"9f834e6\" data-element_type=\"container\" data-settings=\"{&quot;background_background&quot;:&quot;classic&quot;}\">\n\t\t\t\t\t<div class=\"e-con-inner\">\n\t\t<div class=\"elementor-element elementor-element-0e92533 e-flex e-con-boxed elementor-invisible e-con e-child\" data-id=\"0e92533\" data-element_type=\"container\" data-settings=\"{&quot;animation&quot;:&quot;fadeIn&quot;,&quot;animation_delay&quot;:600}\">\n\t\t\t\t\t<div class=\"e-con-inner\">\n\t\t\t\t<div class=\"elementor-element elementor-element-8b5d9fe elementor-widget elementor-widget-heading\" data-id=\"8b5d9fe\" data-element_type=\"widget\" data-widget_type=\"heading.default\">\n\t\t\t\t<div class=\"elementor-widget-container\">\n\t\t\t<h2 class=\"elementor-heading-title elementor-size-default\">Une connexion profonde avec les chevaux<\/h2>\t\t<\/div>\n\t\t\t\t<\/div>\n\t\t\t\t<div class=\"elementor-element elementor-element-884bc61 elementor-widget elementor-widget-text-editor\" data-id=\"884bc61\" data-element_type=\"widget\" data-widget_type=\"text-editor.default\">\n\t\t\t\t<div class=\"elementor-widget-container\">\n\t\t\t\t\t\t\t<p>Une s\u00e9ance d\u2019\u00e9quisophrologie commence par une connexion \u00e0 soi dans l\u2019instant pr\u00e9sent et au lieu ou nous nous trouvons. Le contact avec le cheval permet la lib\u00e9ration des \u00e9motions, une reconnexion \u00e0 son corps au travers des contacts avec nos mains et des diff\u00e9rents mouvements effectu\u00e9s.<\/p><p>L&rsquo;accompagnement par le cheval dans des moments plus difficiles de la vie (maladie, burn out, souffrance au travail, \u00e9v\u00e8nements douloureux, difficult\u00e9s dans la vie priv\u00e9e) permet une reconnexion \u00e0 soi, un apaisement int\u00e9rieur. il apporte une pr\u00e9sence bienveillante, sans jugement. Il vous accueille tel que vous \u00eates.<\/p>\t\t\t\t\t\t<\/div>\n\t\t\t\t<\/div>\n\t\t\t\t<div class=\"elementor-element elementor-element-bb007b7 elementor-widget elementor-widget-global elementor-global-116 elementor-widget-button\" data-id=\"bb007b7\" data-element_type=\"widget\" data-widget_type=\"button.default\">\n\t\t\t\t<div class=\"elementor-widget-container\">\n\t\t\t\t\t<div class=\"elementor-button-wrapper\">\n\t\t\t<a class=\"elementor-button elementor-button-link elementor-size-sm\" href=\"https:\/\/philequus.com#contact\">\n\t\t\t\t\t\t<span class=\"elementor-button-content-wrapper\">\n\t\t\t\t\t\t<span class=\"elementor-button-icon\">\n\t\t\t\t<i aria-hidden=\"true\" class=\"fas fa-envelope\"><\/i>\t\t\t<\/span>\n\t\t\t\t\t\t\t\t\t<span class=\"elementor-button-text\">Nous contacter<\/span>\n\t\t\t\t\t<\/span>\n\t\t\t\t\t<\/a>\n\t\t<\/div>\n\t\t\t\t<\/div>\n\t\t\t\t<\/div>\n\t\t\t\t\t<\/div>\n\t\t\t\t<\/div>\n\t\t<div class=\"elementor-element elementor-element-e58157a e-flex e-con-boxed elementor-invisible e-con e-child\" data-id=\"e58157a\" data-element_type=\"container\" data-settings=\"{&quot;animation&quot;:&quot;fadeIn&quot;,&quot;animation_delay&quot;:200}\">\n\t\t\t\t\t<div class=\"e-con-inner\">\n\t\t\t\t<div class=\"elementor-element elementor-element-71fbf61 elementor-widget-tablet__width-inherit elementor-widget-mobile__width-inherit elementor-widget__width-inherit elementor-widget elementor-widget-image\" data-id=\"71fbf61\" data-element_type=\"widget\" data-widget_type=\"image.default\">\n\t\t\t\t<div class=\"elementor-widget-container\">\n\t\t\t\t\t\t\t\t\t\t\t\t\t<img fetchpriority=\"high\" decoding=\"async\" width=\"800\" height=\"360\" src=\"https:\/\/philequus.com\/wp-content\/uploads\/2023\/10\/20221108_163354-1024x461.jpg\" class=\"attachment-large size-large wp-image-1217\" alt=\"\" srcset=\"https:\/\/philequus.com\/wp-content\/uploads\/2023\/10\/20221108_163354-1024x461.jpg 1024w, https:\/\/philequus.com\/wp-content\/uploads\/2023\/10\/20221108_163354-300x135.jpg 300w, https:\/\/philequus.com\/wp-content\/uploads\/2023\/10\/20221108_163354-768x346.jpg 768w, https:\/\/philequus.com\/wp-content\/uploads\/2023\/10\/20221108_163354-1536x691.jpg 1536w, https:\/\/philequus.com\/wp-content\/uploads\/2023\/10\/20221108_163354-2048x922.jpg 2048w\" sizes=\"(max-width: 800px) 100vw, 800px\" \/>\t\t\t\t\t\t\t\t\t\t\t\t\t<\/div>\n\t\t\t\t<\/div>\n\t\t\t\t\t<\/div>\n\t\t\t\t<\/div>\n\t\t\t\t\t<\/div>\n\t\t\t\t<\/div>\n\t\t<div class=\"elementor-element elementor-element-4985e3c e-flex e-con-boxed e-con e-parent\" data-id=\"4985e3c\" data-element_type=\"container\" data-settings=\"{&quot;background_background&quot;:&quot;classic&quot;}\">\n\t\t\t\t\t<div class=\"e-con-inner\">\n\t\t<div class=\"elementor-element elementor-element-e5f3777 e-flex e-con-boxed elementor-invisible e-con e-child\" data-id=\"e5f3777\" data-element_type=\"container\" data-settings=\"{&quot;animation&quot;:&quot;fadeIn&quot;,&quot;animation_delay&quot;:600}\">\n\t\t\t\t\t<div class=\"e-con-inner\">\n\t\t\t\t<div class=\"elementor-element elementor-element-d6b658f elementor-widget elementor-widget-heading\" data-id=\"d6b658f\" data-element_type=\"widget\" data-widget_type=\"heading.default\">\n\t\t\t\t<div class=\"elementor-widget-container\">\n\t\t\t<h2 class=\"elementor-heading-title elementor-size-default\">Les apports de l'\u00e9quisophrologie<\/h2>\t\t<\/div>\n\t\t\t\t<\/div>\n\t\t\t\t<div class=\"elementor-element elementor-element-861f716 elementor-widget elementor-widget-text-editor\" data-id=\"861f716\" data-element_type=\"widget\" data-widget_type=\"text-editor.default\">\n\t\t\t\t<div class=\"elementor-widget-container\">\n\t\t\t\t\t\t\t<p>L\u2019interaction avec les chevaux favorise une relaxation profonde, aidant ainsi \u00e0 r\u00e9duire le stress, l\u2019anxi\u00e9t\u00e9 et la tension. Les chevaux agissent comme des miroirs \u00e9motionnels, aidant les participants \u00e0 mieux comprendre et \u00e0 g\u00e9rer leurs \u00e9motions.<\/p><p>L\u2019interaction avec les chevaux encourage la conscience de soi et renforce la confiance en soi. Les participants apprennent \u00e0 \u00eatre plus conscients de leur langage corporel, de leurs \u00e9motions et de leurs pens\u00e9es, ce qui facilite leur \u00e9volution personnelle.<\/p>\t\t\t\t\t\t<\/div>\n\t\t\t\t<\/div>\n\t\t\t\t<div class=\"elementor-element elementor-element-68bf887 elementor-widget elementor-widget-global elementor-global-116 elementor-widget-button\" data-id=\"68bf887\" data-element_type=\"widget\" data-widget_type=\"button.default\">\n\t\t\t\t<div class=\"elementor-widget-container\">\n\t\t\t\t\t<div class=\"elementor-button-wrapper\">\n\t\t\t<a class=\"elementor-button elementor-button-link elementor-size-sm\" href=\"https:\/\/philequus.com#contact\">\n\t\t\t\t\t\t<span class=\"elementor-button-content-wrapper\">\n\t\t\t\t\t\t<span class=\"elementor-button-icon\">\n\t\t\t\t<i aria-hidden=\"true\" class=\"fas fa-envelope\"><\/i>\t\t\t<\/span>\n\t\t\t\t\t\t\t\t\t<span class=\"elementor-button-text\">Nous contacter<\/span>\n\t\t\t\t\t<\/span>\n\t\t\t\t\t<\/a>\n\t\t<\/div>\n\t\t\t\t<\/div>\n\t\t\t\t<\/div>\n\t\t\t\t\t<\/div>\n\t\t\t\t<\/div>\n\t\t<div class=\"elementor-element elementor-element-2980a58 e-flex e-con-boxed elementor-invisible e-con e-child\" data-id=\"2980a58\" data-element_type=\"container\" data-settings=\"{&quot;animation&quot;:&quot;fadeIn&quot;,&quot;animation_delay&quot;:200}\">\n\t\t\t\t\t<div class=\"e-con-inner\">\n\t\t\t\t<div class=\"elementor-element elementor-element-ff32a17 elementor-widget-tablet__width-inherit elementor-widget-mobile__width-inherit elementor-widget__width-inherit elementor-widget elementor-widget-image\" data-id=\"ff32a17\" data-element_type=\"widget\" data-widget_type=\"image.default\">\n\t\t\t\t<div class=\"elementor-widget-container\">\n\t\t\t\t\t\t\t\t\t\t\t\t\t<img decoding=\"async\" width=\"800\" height=\"800\" src=\"https:\/\/philequus.com\/wp-content\/uploads\/2024\/07\/Apport-Equisophrologie-1024x1024.jpg\" class=\"attachment-large size-large wp-image-1343\" alt=\"\" srcset=\"https:\/\/philequus.com\/wp-content\/uploads\/2024\/07\/Apport-Equisophrologie-1024x1024.jpg 1024w, https:\/\/philequus.com\/wp-content\/uploads\/2024\/07\/Apport-Equisophrologie-300x300.jpg 300w, https:\/\/philequus.com\/wp-content\/uploads\/2024\/07\/Apport-Equisophrologie-150x150.jpg 150w, https:\/\/philequus.com\/wp-content\/uploads\/2024\/07\/Apport-Equisophrologie-768x768.jpg 768w, https:\/\/philequus.com\/wp-content\/uploads\/2024\/07\/Apport-Equisophrologie-1536x1536.jpg 1536w, https:\/\/philequus.com\/wp-content\/uploads\/2024\/07\/Apport-Equisophrologie-2048x2048.jpg 2048w\" sizes=\"(max-width: 800px) 100vw, 800px\" \/>\t\t\t\t\t\t\t\t\t\t\t\t\t<\/div>\n\t\t\t\t<\/div>\n\t\t\t\t\t<\/div>\n\t\t\t\t<\/div>\n\t\t\t\t\t<\/div>\n\t\t\t\t<\/div>\n\t\t<div class=\"elementor-element elementor-element-5199619e e-flex e-con-boxed e-con e-parent\" data-id=\"5199619e\" data-element_type=\"container\" data-settings=\"{&quot;background_background&quot;:&quot;classic&quot;}\">\n\t\t\t\t\t<div class=\"e-con-inner\">\n\t\t<div class=\"elementor-element elementor-element-48a64f28 e-flex e-con-boxed elementor-invisible e-con e-child\" data-id=\"48a64f28\" data-element_type=\"container\" data-settings=\"{&quot;animation&quot;:&quot;fadeIn&quot;,&quot;animation_delay&quot;:200}\">\n\t\t\t\t\t<div class=\"e-con-inner\">\n\t\t\t\t<div class=\"elementor-element elementor-element-673284a8 elementor-widget elementor-widget-heading\" data-id=\"673284a8\" data-element_type=\"widget\" data-widget_type=\"heading.default\">\n\t\t\t\t<div class=\"elementor-widget-container\">\n\t\t\t<h2 class=\"elementor-heading-title elementor-size-default\">Les prestations que nous proposons<\/h2>\t\t<\/div>\n\t\t\t\t<\/div>\n\t\t\t\t<div class=\"elementor-element elementor-element-3834d260 elementor-widget elementor-widget-text-editor\" data-id=\"3834d260\" data-element_type=\"widget\" data-widget_type=\"text-editor.default\">\n\t\t\t\t<div class=\"elementor-widget-container\">\n\t\t\t\t\t\t\t<p>Qualit\u00e9, proximit\u00e9 et engagement au service de nos clients.<\/p>\t\t\t\t\t\t<\/div>\n\t\t\t\t<\/div>\n\t\t\t\t\t<\/div>\n\t\t\t\t<\/div>\n\t\t<div class=\"elementor-element elementor-element-4a3e36af e-flex e-con-boxed elementor-invisible e-con e-child\" data-id=\"4a3e36af\" data-element_type=\"container\" data-settings=\"{&quot;animation&quot;:&quot;fadeIn&quot;,&quot;animation_delay&quot;:400}\">\n\t\t\t\t\t<div class=\"e-con-inner\">\n\t\t<div class=\"elementor-element elementor-element-eb742f2 e-flex e-con-boxed e-con e-child\" data-id=\"eb742f2\" data-element_type=\"container\" data-settings=\"{&quot;background_background&quot;:&quot;classic&quot;}\">\n\t\t\t\t\t<div class=\"e-con-inner\">\n\t\t\t\t<div class=\"elementor-element elementor-element-5cb061a elementor-widget elementor-widget-image\" data-id=\"5cb061a\" data-element_type=\"widget\" data-widget_type=\"image.default\">\n\t\t\t\t<div class=\"elementor-widget-container\">\n\t\t\t\t\t\t\t\t\t\t\t\t\t<img decoding=\"async\" width=\"800\" height=\"600\" src=\"https:\/\/philequus.com\/wp-content\/uploads\/2024\/04\/BINOME-1024x768.jpg\" class=\"attachment-large size-large wp-image-1286\" alt=\"\" srcset=\"https:\/\/philequus.com\/wp-content\/uploads\/2024\/04\/BINOME-1024x768.jpg 1024w, https:\/\/philequus.com\/wp-content\/uploads\/2024\/04\/BINOME-300x225.jpg 300w, https:\/\/philequus.com\/wp-content\/uploads\/2024\/04\/BINOME-768x576.jpg 768w, https:\/\/philequus.com\/wp-content\/uploads\/2024\/04\/BINOME-1536x1152.jpg 1536w, https:\/\/philequus.com\/wp-content\/uploads\/2024\/04\/BINOME.jpg 2048w\" sizes=\"(max-width: 800px) 100vw, 800px\" \/>\t\t\t\t\t\t\t\t\t\t\t\t\t<\/div>\n\t\t\t\t<\/div>\n\t\t\t\t<div class=\"elementor-element elementor-element-8026d86 elementor-widget elementor-widget-heading\" data-id=\"8026d86\" data-element_type=\"widget\" data-widget_type=\"heading.default\">\n\t\t\t\t<div class=\"elementor-widget-container\">\n\t\t\t<h3 class=\"elementor-heading-title elementor-size-default\">Famille - Groupe<\/h3>\t\t<\/div>\n\t\t\t\t<\/div>\n\t\t\t\t<div class=\"elementor-element elementor-element-4d7e372 elementor-widget elementor-widget-text-editor\" data-id=\"4d7e372\" data-element_type=\"widget\" data-widget_type=\"text-editor.default\">\n\t\t\t\t<div class=\"elementor-widget-container\">\n\t\t\t\t\t\t\t<p>Que ce soit au sein d&rsquo;une famille ou d&rsquo;un groupe, savoir \u00eatre en relation avec son entourage est tr\u00e8s important. Savoir ressentir, d\u00e9crypter les \u00e9motions, les \u00e9tats d&rsquo;\u00eatre de vos proches ou partenaires d&rsquo;activit\u00e9s est essentiel pour instaurer et maintenir une relation de qualit\u00e9. Le cheval, expert en communication permet au groupe de d\u00e9couvrir comment il fonctionne. La mise en place d&rsquo;exercices d\u00e9di\u00e9s permettra \u00e0 chacun de prendre conscience de sa place au sein du groupe et comment agir et inter agir pour le bien de tous.<\/p>\t\t\t\t\t\t<\/div>\n\t\t\t\t<\/div>\n\t\t\t\t\t<\/div>\n\t\t\t\t<\/div>\n\t\t<div class=\"elementor-element elementor-element-4764e47 e-flex e-con-boxed e-con e-child\" data-id=\"4764e47\" data-element_type=\"container\" data-settings=\"{&quot;background_background&quot;:&quot;classic&quot;}\">\n\t\t\t\t\t<div class=\"e-con-inner\">\n\t\t\t\t<div class=\"elementor-element elementor-element-f00d204 elementor-widget elementor-widget-image\" data-id=\"f00d204\" data-element_type=\"widget\" data-widget_type=\"image.default\">\n\t\t\t\t<div class=\"elementor-widget-container\">\n\t\t\t\t\t\t\t\t\t\t\t\t\t<img loading=\"lazy\" decoding=\"async\" width=\"768\" height=\"768\" src=\"https:\/\/philequus.com\/wp-content\/uploads\/2024\/02\/Moi.jpg\" class=\"attachment-large size-large wp-image-1256\" alt=\"\" srcset=\"https:\/\/philequus.com\/wp-content\/uploads\/2024\/02\/Moi.jpg 768w, https:\/\/philequus.com\/wp-content\/uploads\/2024\/02\/Moi-300x300.jpg 300w, https:\/\/philequus.com\/wp-content\/uploads\/2024\/02\/Moi-150x150.jpg 150w\" sizes=\"(max-width: 768px) 100vw, 768px\" \/>\t\t\t\t\t\t\t\t\t\t\t\t\t<\/div>\n\t\t\t\t<\/div>\n\t\t\t\t<div class=\"elementor-element elementor-element-666cd5f1 elementor-widget elementor-widget-heading\" data-id=\"666cd5f1\" data-element_type=\"widget\" data-widget_type=\"heading.default\">\n\t\t\t\t<div class=\"elementor-widget-container\">\n\t\t\t<h3 class=\"elementor-heading-title elementor-size-default\">Individuel<\/h3>\t\t<\/div>\n\t\t\t\t<\/div>\n\t\t\t\t<div class=\"elementor-element elementor-element-434d7315 elementor-widget elementor-widget-text-editor\" data-id=\"434d7315\" data-element_type=\"widget\" data-widget_type=\"text-editor.default\">\n\t\t\t\t<div class=\"elementor-widget-container\">\n\t\t\t\t\t\t\t<p>Expert en communication et en intelligence \u00e9motionnelle , le cheval vous montre la voie pour vous d\u00e9couvrir, et mettre en valeur vos qualit\u00e9s. Il ressent instantan\u00e9ment qui vous \u00eates et ce que vous ressentez au plus profond de vous m\u00eame. Il vous invite \u00e0 en prendre conscience et devient le partenaire de votre d\u00e9veloppement. Le cheval vous connecte \u00e0 l&rsquo;instant pr\u00e9sent , sans jugement et vous convie \u00e0 \u00eatre en accord avec votre \u00eatre int\u00e9rieur.<\/p>\t\t\t\t\t\t<\/div>\n\t\t\t\t<\/div>\n\t\t\t\t\t<\/div>\n\t\t\t\t<\/div>\n\t\t<div class=\"elementor-element elementor-element-2d010ef e-flex e-con-boxed e-con e-child\" data-id=\"2d010ef\" data-element_type=\"container\" data-settings=\"{&quot;background_background&quot;:&quot;classic&quot;}\">\n\t\t\t\t\t<div class=\"e-con-inner\">\n\t\t\t\t<div class=\"elementor-element elementor-element-d0a4ad2 elementor-widget elementor-widget-image\" data-id=\"d0a4ad2\" data-element_type=\"widget\" data-widget_type=\"image.default\">\n\t\t\t\t<div class=\"elementor-widget-container\">\n\t\t\t\t\t\t\t\t\t\t\t\t\t<img loading=\"lazy\" decoding=\"async\" width=\"617\" height=\"356\" src=\"https:\/\/philequus.com\/wp-content\/uploads\/2023\/10\/equitation-1.jpg\" class=\"attachment-large size-large wp-image-1171\" alt=\"\" srcset=\"https:\/\/philequus.com\/wp-content\/uploads\/2023\/10\/equitation-1.jpg 617w, https:\/\/philequus.com\/wp-content\/uploads\/2023\/10\/equitation-1-300x173.jpg 300w\" sizes=\"(max-width: 617px) 100vw, 617px\" \/>\t\t\t\t\t\t\t\t\t\t\t\t\t<\/div>\n\t\t\t\t<\/div>\n\t\t\t\t<div class=\"elementor-element elementor-element-d4cad25 elementor-widget elementor-widget-heading\" data-id=\"d4cad25\" data-element_type=\"widget\" data-widget_type=\"heading.default\">\n\t\t\t\t<div class=\"elementor-widget-container\">\n\t\t\t<h3 class=\"elementor-heading-title elementor-size-default\">Sophro \u00c9quitation<\/h3>\t\t<\/div>\n\t\t\t\t<\/div>\n\t\t\t\t<div class=\"elementor-element elementor-element-57839aa elementor-widget elementor-widget-text-editor\" data-id=\"57839aa\" data-element_type=\"widget\" data-widget_type=\"text-editor.default\">\n\t\t\t\t<div class=\"elementor-widget-container\">\n\t\t\t\t\t\t\t<p>Que vous soyez tourn\u00e9 vers la comp\u00e9tition ou la pratique plaisir, avoir la bonne attitude, le bon ressenti est essentiel \u00e0 cheval. La sophrologie en tant que m\u00e9thode psychocorporelle permet de se reconnecter \u00e0 son corps, \u00e0 vivre l&rsquo;instant pr\u00e9sent, se rel\u00e2cher, contr\u00f4ler sa respiration, vivre ses \u00e9motions. La sophrologie vous permet d&rsquo;\u00eatre mieux connect\u00e9 \u00e0 votre cheval. Il ressentira votre calme mental et votre relachement musculaire. Votre couple sera plus harmonieux, sera plus souple et fluide dans ses d\u00e9placements. La sophrologie permet \u00e9galement de vous pr\u00e9parer mentalement pour aborder la comp\u00e9tition<\/p>\t\t\t\t\t\t<\/div>\n\t\t\t\t<\/div>\n\t\t\t\t\t<\/div>\n\t\t\t\t<\/div>\n\t\t\t\t\t<\/div>\n\t\t\t\t<\/div>\n\t\t<div class=\"elementor-element elementor-element-21fd0a97 elementor-hidden-desktop elementor-hidden-tablet elementor-hidden-mobile e-flex e-con-boxed elementor-invisible e-con e-child\" data-id=\"21fd0a97\" data-element_type=\"container\" data-settings=\"{&quot;animation&quot;:&quot;fadeIn&quot;,&quot;animation_delay&quot;:400}\">\n\t\t\t\t\t<div class=\"e-con-inner\">\n\t\t<div class=\"elementor-element elementor-element-34ab24d6 e-flex e-con-boxed e-con e-child\" data-id=\"34ab24d6\" data-element_type=\"container\" data-settings=\"{&quot;background_background&quot;:&quot;classic&quot;}\">\n\t\t\t\t\t<div class=\"e-con-inner\">\n\t\t\t\t<div class=\"elementor-element elementor-element-36205555 elementor-widget elementor-widget-image\" data-id=\"36205555\" data-element_type=\"widget\" data-widget_type=\"image.default\">\n\t\t\t\t<div class=\"elementor-widget-container\">\n\t\t\t\t\t\t\t\t\t\t\t\t\t<img loading=\"lazy\" decoding=\"async\" width=\"800\" height=\"534\" src=\"https:\/\/philequus.com\/wp-content\/uploads\/2023\/10\/family-g46dced618_1920-1024x683.jpg\" class=\"attachment-large size-large wp-image-1170\" alt=\"\" srcset=\"https:\/\/philequus.com\/wp-content\/uploads\/2023\/10\/family-g46dced618_1920-1024x683.jpg 1024w, https:\/\/philequus.com\/wp-content\/uploads\/2023\/10\/family-g46dced618_1920-300x200.jpg 300w, https:\/\/philequus.com\/wp-content\/uploads\/2023\/10\/family-g46dced618_1920-768x512.jpg 768w, https:\/\/philequus.com\/wp-content\/uploads\/2023\/10\/family-g46dced618_1920-1536x1024.jpg 1536w, https:\/\/philequus.com\/wp-content\/uploads\/2023\/10\/family-g46dced618_1920.jpg 1920w\" sizes=\"(max-width: 800px) 100vw, 800px\" \/>\t\t\t\t\t\t\t\t\t\t\t\t\t<\/div>\n\t\t\t\t<\/div>\n\t\t\t\t<div class=\"elementor-element elementor-element-6305ba05 elementor-widget elementor-widget-heading\" data-id=\"6305ba05\" data-element_type=\"widget\" data-widget_type=\"heading.default\">\n\t\t\t\t<div class=\"elementor-widget-container\">\n\t\t\t<h3 class=\"elementor-heading-title elementor-size-default\">Famille - Groupe<\/h3>\t\t<\/div>\n\t\t\t\t<\/div>\n\t\t\t\t<div class=\"elementor-element elementor-element-366b94ef elementor-widget elementor-widget-text-editor\" data-id=\"366b94ef\" data-element_type=\"widget\" data-widget_type=\"text-editor.default\">\n\t\t\t\t<div class=\"elementor-widget-container\">\n\t\t\t\t\t\t\t<p>Que ce soit au sein d&rsquo;une famille ou d&rsquo;un groupe, savoir \u00eatre en relation avec son entourage est tr\u00e8s important. Savoir ressentir, d\u00e9crypter les \u00e9motions, les \u00e9tats d&rsquo;\u00eatre de vos proches ou partenaires d&rsquo;activit\u00e9s est essentiel pour instaurer et maintenir une relation de qualit\u00e9. Le cheval, expert en communication permet au groupe de d\u00e9couvrir comment il fonctionne. La mise en place d&rsquo;exercices d\u00e9di\u00e9s permettra \u00e0 chacun de prendre conscience de sa place au sein du groupe et comment agir et inter agir pour le bien de tous.<\/p>\t\t\t\t\t\t<\/div>\n\t\t\t\t<\/div>\n\t\t\t\t\t<\/div>\n\t\t\t\t<\/div>\n\t\t<div class=\"elementor-element elementor-element-690c8697 e-flex e-con-boxed e-con e-child\" data-id=\"690c8697\" data-element_type=\"container\" data-settings=\"{&quot;background_background&quot;:&quot;classic&quot;}\">\n\t\t\t\t\t<div class=\"e-con-inner\">\n\t\t\t\t<div class=\"elementor-element elementor-element-1af6614a elementor-widget elementor-widget-image\" data-id=\"1af6614a\" data-element_type=\"widget\" data-widget_type=\"image.default\">\n\t\t\t\t<div class=\"elementor-widget-container\">\n\t\t\t\t\t\t\t\t\t\t\t\t\t<img loading=\"lazy\" decoding=\"async\" width=\"617\" height=\"356\" src=\"https:\/\/philequus.com\/wp-content\/uploads\/2023\/10\/equitation-1.jpg\" class=\"attachment-large size-large wp-image-1171\" alt=\"\" srcset=\"https:\/\/philequus.com\/wp-content\/uploads\/2023\/10\/equitation-1.jpg 617w, https:\/\/philequus.com\/wp-content\/uploads\/2023\/10\/equitation-1-300x173.jpg 300w\" sizes=\"(max-width: 617px) 100vw, 617px\" \/>\t\t\t\t\t\t\t\t\t\t\t\t\t<\/div>\n\t\t\t\t<\/div>\n\t\t\t\t<div class=\"elementor-element elementor-element-3720939c elementor-widget elementor-widget-heading\" data-id=\"3720939c\" data-element_type=\"widget\" data-widget_type=\"heading.default\">\n\t\t\t\t<div class=\"elementor-widget-container\">\n\t\t\t<h3 class=\"elementor-heading-title elementor-size-default\">Sophro \u00c9quitation<\/h3>\t\t<\/div>\n\t\t\t\t<\/div>\n\t\t\t\t<div class=\"elementor-element elementor-element-5e42b09c elementor-widget elementor-widget-text-editor\" data-id=\"5e42b09c\" data-element_type=\"widget\" data-widget_type=\"text-editor.default\">\n\t\t\t\t<div class=\"elementor-widget-container\">\n\t\t\t\t\t\t\t<p>Que vous soyez tourn\u00e9 vers la comp\u00e9tition ou la pratique plaisir, avoir la bonne attitude, le bon ressenti est essentiel \u00e0 cheval. La sophrologie en tant que m\u00e9thode psychocorporelle permet de se reconnecter \u00e0 son corps, \u00e0 vivre l&rsquo;instant pr\u00e9sent, se rel\u00e2cher, contr\u00f4ler sa respiration, vivre ses \u00e9motions. La sophrologie vous permet d&rsquo;\u00eatre mieux connect\u00e9 \u00e0 votre cheval. Il ressentira votre calme mental et votre relachement musculaire. Votre couple sera plus harmonieux, sera plus souple et fluide dans ses d\u00e9placements. La sophrologie permet \u00e9galement de vous pr\u00e9parer mentalement pour aborder la comp\u00e9tition<\/p>\t\t\t\t\t\t<\/div>\n\t\t\t\t<\/div>\n\t\t\t\t\t<\/div>\n\t\t\t\t<\/div>\n\t\t\t\t\t<\/div>\n\t\t\t\t<\/div>\n\t\t\t\t\t<\/div>\n\t\t\t\t<\/div>\n\t\t\t\t<\/div>\n\t\t","protected":false},"excerpt":{"rendered":"<p>Une connexion profonde avec les chevaux Une s\u00e9ance d\u2019\u00e9quisophrologie commence par une connexion \u00e0 soi dans l\u2019instant pr\u00e9sent et au lieu ou nous nous trouvons. Le contact avec le cheval permet la lib\u00e9ration des \u00e9motions, une reconnexion \u00e0 son corps au travers des contacts avec nos mains et des diff\u00e9rents mouvements effectu\u00e9s. L&rsquo;accompagnement par le [&hellip;]<\/p>\n","protected":false},"author":1,"featured_media":0,"parent":0,"menu_order":0,"comment_status":"closed","ping_status":"closed","template":"elementor_header_footer","meta":{"footnotes":""},"class_list":["post-1113","page","type-page","status-publish","hentry"],"_links":{"self":[{"href":"https:\/\/philequus.com\/index.php?rest_route=\/wp\/v2\/pages\/1113","targetHints":{"allow":["GET"]}}],"collection":[{"href":"https:\/\/philequus.com\/index.php?rest_route=\/wp\/v2\/pages"}],"about":[{"href":"https:\/\/philequus.com\/index.php?rest_route=\/wp\/v2\/types\/page"}],"author":[{"embeddable":true,"href":"https:\/\/philequus.com\/index.php?rest_route=\/wp\/v2\/users\/1"}],"replies":[{"embeddable":true,"href":"https:\/\/philequus.com\/index.php?rest_route=%2Fwp%2Fv2%2Fcomments&post=1113"}],"version-history":[{"count":29,"href":"https:\/\/philequus.com\/index.php?rest_route=\/wp\/v2\/pages\/1113\/revisions"}],"predecessor-version":[{"id":1346,"href":"https:\/\/philequus.com\/index.php?rest_route=\/wp\/v2\/pages\/1113\/revisions\/1346"}],"wp:attachment":[{"href":"https:\/\/philequus.com\/index.php?rest_route=%2Fwp%2Fv2%2Fmedia&parent=1113"}],"curies":[{"name":"wp","href":"https:\/\/api.w.org\/{rel}","templated":true}]}}